{"id":9,"date":"2017-08-29T13:07:15","date_gmt":"2017-08-29T13:07:15","guid":{"rendered":"https:\/\/pasme.uniurb.it\/?page_id=9"},"modified":"2020-04-10T15:33:32","modified_gmt":"2020-04-10T15:33:32","slug":"homepage","status":"publish","type":"page","link":"https:\/\/pasme.uniurb.it\/it\/","title":{"rendered":"Home"},"content":{"rendered":"<p><H3><strong>Benvenuti nel nostro centro per la stima delle dosi e dell\u2019efficienza di rivelatori per missioni spaziali e a varie profondit\u00e0 atmosferiche<\/strong><\/H3><\/p>\n<p>Il nostro gruppo lavora fin dal 2003 nel campo della stima delle dosi e dell\u2019efficienza di rivelatori a bordo di missioni spaziali che possono essere limitate dall\u2019impatto di particelle di alta energia e strutture del mezzo interplanetario.<br \/>\nOffriamo capacit\u00e0, esperienza e metodi (simulazioni Monte Carlo) riguardo all&#8217;analisi dei rischi causati dall\u2019ambiente su missioni spaziali. Pi\u00f9 in generale, siamo in grado di stimare gli effetti e il ruolo di particelle elementari energetiche di origine solare, galattica e atmosferica, nel limitare le caratteristiche nominali di materiali e\/o strumenti in volo a varie profondit\u00e0 atmosferiche o situate a terra. Le stime medie disponibili in letteratura sono risultate lontane dalla realt\u00e0 quando sono state eseguite simulazioni Monte Carlo e appropriate analisi degli scenari pi\u00f9 sfavorevoli per le missioni LISA Pathfinder, LISA e Solar Orbiter (coronografo METIS) dell&#8217;Agenzia Spaziale Europea (ESA).<\/p>\n","protected":false},"excerpt":{"rendered":"<p>Benvenuti nel nostro centro per la stima delle dosi e dell\u2019efficienza di rivelatori per missioni spaziali e a varie profondit\u00e0 atmosferiche Il nostro gruppo lavora fin dal 2003 nel campo della stima delle dosi e dell\u2019efficienza di rivelatori a bordo di missioni spaziali che possono essere limitate dall\u2019impatto di particelle di alta energia e strutture &hellip; <a href=\"https:\/\/pasme.uniurb.it\/it\/\" class=\"more-link\">Leggi tutto<span class=\"screen-reader-text\"> &#8220;Home&#8221;<\/span><\/a><\/p>\n","protected":false},"author":1,"featured_media":0,"parent":0,"menu_order":0,"comment_status":"closed","ping_status":"closed","template":"","meta":{"footnotes":""},"class_list":["post-9","page","type-page","status-publish","hentry"],"translation":{"provider":"WPGlobus","version":"3.0.2","language":"it","enabled_languages":["en","it"],"languages":{"en":{"title":true,"content":true,"excerpt":false},"it":{"title":false,"content":true,"excerpt":false}}},"_links":{"self":[{"href":"https:\/\/pasme.uniurb.it\/it\/wp-json\/wp\/v2\/pages\/9","targetHints":{"allow":["GET"]}}],"collection":[{"href":"https:\/\/pasme.uniurb.it\/it\/wp-json\/wp\/v2\/pages"}],"about":[{"href":"https:\/\/pasme.uniurb.it\/it\/wp-json\/wp\/v2\/types\/page"}],"author":[{"embeddable":true,"href":"https:\/\/pasme.uniurb.it\/it\/wp-json\/wp\/v2\/users\/1"}],"replies":[{"embeddable":true,"href":"https:\/\/pasme.uniurb.it\/it\/wp-json\/wp\/v2\/comments?post=9"}],"version-history":[{"count":28,"href":"https:\/\/pasme.uniurb.it\/it\/wp-json\/wp\/v2\/pages\/9\/revisions"}],"predecessor-version":[{"id":199,"href":"https:\/\/pasme.uniurb.it\/it\/wp-json\/wp\/v2\/pages\/9\/revisions\/199"}],"wp:attachment":[{"href":"https:\/\/pasme.uniurb.it\/it\/wp-json\/wp\/v2\/media?parent=9"}],"curies":[{"name":"wp","href":"https:\/\/api.w.org\/{rel}","templated":true}]}}